{"id":10927,"date":"2026-04-09T22:18:45","date_gmt":"2026-04-09T19:18:45","guid":{"rendered":"https:\/\/noki.com.tr\/?page_id=10927"},"modified":"2026-04-09T23:38:18","modified_gmt":"2026-04-09T20:38:18","slug":"cerez-aydinlatma-metni","status":"publish","type":"page","link":"https:\/\/noki.com.tr\/index.php\/cerez-aydinlatma-metni\/","title":{"rendered":"\u00c7erez Ayd\u0131nlatma Metni"},"content":{"rendered":"\n<p><strong>\u00c7EREZ AYDINLATMA METN\u0130<\/strong><\/p>\n\n\n\n<p>[Derya Ofis \u00dcr\u00fcnleri Sanayi Ticaret A. \u015e.] (\u201c<strong>\u015eirket<\/strong>\u201d) ve [https:\/\/noki.com.tr\/] (\u201c<strong>Site<\/strong>\u201d) olarak, web sitemizdeki deneyiminizi geli\u015ftirmek, trafi\u011fi analiz etmek ve size daha iyi hizmet sunabilmek i\u00e7in \u00e7erezler (cookies) kullanabilmekteyiz.<\/p>\n\n\n\n<p><strong>\u00c7erezler Nedir?<\/strong><br>Ziyaret etti\u011finiz web siteleri, bilgisayar\u0131n\u0131za ya da telefonunuza k\u00fc\u00e7\u00fck bilgiler kaydedip, daha sonra ayn\u0131 siteyi ziyaret etti\u011finizde bu bilgileri okuyabilirler. Bu k\u00fc\u00e7\u00fck bilgilerin kaydedildi\u011fi dosyalara \u00e7erez veya tan\u0131mlama bilgisi <em>(\u0130ngilizcesi: cookie)<\/em> denir. \u00c7erezler genellikle internette gezinti deneyiminizi iyile\u015ftirmeye ve siteleri ki\u015fiselle\u015ftirmeye yarar. \u00d6rne\u011fin bir siteye giri\u015f yaparken \u201cbeni hat\u0131rla\u201d se\u00e7ene\u011fini i\u015faretlerseniz o site, kullan\u0131c\u0131 ad\u0131n\u0131z\u0131 (veya \u00f6zel bir kimlik numaras\u0131n\u0131) i\u00e7eren bir \u00e7erezi taray\u0131c\u0131n\u0131za kaydeder. \u00c7erezleri yaln\u0131zca onlar\u0131 olu\u015fturan site okuyabilir. \u00c7erezin ne kadar s\u00fcreyle saklanaca\u011f\u0131n\u0131 da site belirler.<\/p>\n\n\n\n<p><strong>Neden \u00c7erez Kullan\u0131l\u0131r?<\/strong><\/p>\n\n\n\n<p>\u00c7erezler, ziyaret etti\u011finiz internet siteleri taraf\u0131ndan taray\u0131c\u0131lar arac\u0131l\u0131\u011f\u0131yla cihaz\u0131n\u0131za veya a\u011f sunucusuna depolanan k\u00fc\u00e7\u00fck metin (veri) dosyalar\u0131d\u0131r.<\/p>\n\n\n\n<p>\u2022 \u0130nternet Sitesinin i\u015flevselli\u011fini ve performans\u0131n\u0131 artt\u0131rmak yoluyla sizlere sunulan hizmetleri geli\u015ftirmek,<\/p>\n\n\n\n<p>\u2022 \u0130nternet Sitesini iyile\u015ftirmek, \u0130nternet Sitesi \u00fczerinden yeni \u00f6zellikler sunmak ve sunulan \u00f6zellikleri sizlerin tercihlerine g\u00f6re ki\u015fiselle\u015ftirmek,<\/p>\n\n\n\n<p>\u2022 \u0130nternet Sitesinin, sizin ve \u015firketimizin \/ sitemizin hukuki ve ticari g\u00fcvenli\u011finin teminini sa\u011flamak.<\/p>\n\n\n\n<p><strong>Ki\u015fisel Veri Toplaman\u0131n Y\u00f6ntemi ve Hukuki Nedeni<\/strong><\/p>\n\n\n\n<p>Ki\u015fisel verileriniz, Ki\u015fisel Verilerin Korunmas\u0131 Kanunu\u2019nun (KVKK) 5. Maddesinde belirtilen ki\u015fisel veri i\u015fleme \u015fartlar\u0131 ve a\u015fa\u011f\u0131da her bir \u00e7erez t\u00fcr\u00fc \u00f6zelinde belirtilen ama\u00e7lar dahilinde, internet sitemizi ziyaretiniz kapsam\u0131nda veya uygulamam\u0131z\u0131 kullanman\u0131z dolay\u0131s\u0131yla elektronik ortamda \u00e7erezler yoluyla \u015eirketimizin me\u015fru menfaatine y\u00f6nelik hukuki nedene dayal\u0131 olarak toplanmaktad\u0131r. Hedefleme ve profilleme vas\u0131tas\u0131yla ger\u00e7ekle\u015ftirilen pazarlama ve reklamc\u0131l\u0131k faaliyetleri ise yaln\u0131zca a\u00e7\u0131k r\u0131zan\u0131z olmas\u0131 halinde ger\u00e7ekle\u015ftirilmektedir. Toplanan ki\u015fisel verileriniz Kanun\u2019un 5. ve 6. maddelerinde belirtilen ki\u015fisel veri i\u015fleme \u015fartlar\u0131 ve ama\u00e7lar\u0131 kapsam\u0131nda i\u015fbu \u00c7erez Ayd\u0131nlatma Metni\u2019nde belirtilen ama\u00e7larla da i\u015flenebilmektedir.<\/p>\n\n\n\n<p>Sitemizde \u015fu ama\u00e7larla \u00e7erez kullan\u0131labilmektedir:<\/p>\n\n\n\n<p><strong>Zorunlu \u00c7erezler:<\/strong>&nbsp;Sitenin temel i\u015flevlerini (g\u00fcvenlik, oturum y\u00f6netimi vb.) yerine getirmek i\u00e7in gereklidir. Web sitemizin \u00e7al\u0131\u015fmas\u0131 i\u00e7in gerekli bu \u00e7erezler sistemlerimizde kapat\u0131lamaz.<\/p>\n\n\n\n<p><strong>\u0130statistiki Fonksiyonel, Performans ve Analiz \u00c7erezleri:<\/strong>&nbsp;Ziyaret\u00e7i say\u0131lar\u0131n\u0131 ve trafi\u011fi \u00f6l\u00e7erek sitemizi geli\u015ftirmemize yard\u0131mc\u0131 olur.<\/p>\n\n\n\n<p><strong>\u0130\u015flevsel \u00c7erezler:<\/strong>&nbsp;Tercihlerinizi (dil, b\u00f6lge vb.) hat\u0131rlayarak size ki\u015fiselle\u015ftirilmi\u015f bir deneyim sunar.<\/p>\n\n\n\n<p><strong>Reklam ve Hedefleme \u00c7erezleri: <\/strong>Bu \u00e7erezler, profilinizi olu\u015fturmak ve ilgi alanlar\u0131n\u0131za uygun reklamlar sa\u011flamak i\u00e7in kullan\u0131l\u0131r. Ayr\u0131ca, bir reklam\u0131 g\u00f6rme say\u0131n\u0131z\u0131 s\u0131n\u0131rland\u0131rmak ve reklam kampanyas\u0131n\u0131n etkinli\u011fini \u00f6l\u00e7meye yard\u0131mc\u0131 olmak i\u00e7in kullan\u0131l\u0131r.<strong><\/strong><\/p>\n\n\n\n<p><strong>Ki\u015fisel Verilerinizin \u0130\u015flenmesi ve Haklar\u0131n\u0131z<\/strong><br>\u00c7erezler vas\u0131tas\u0131yla toplanan verileriniz, 6698 say\u0131l\u0131 Ki\u015fisel Verilerin Korunmas\u0131<\/p>\n\n\n\n<p>Kanunu\u2019na uygun olarak i\u015flenmektedir. Kanun\u2019un 11. maddesi kapsam\u0131ndaki haklar\u0131n\u0131z (bilgi alma, d\u00fczeltme, silme vb.) i\u00e7in [info@noki.com.tr] \u00fczerinden bizimle ileti\u015fime ge\u00e7ebilirsiniz.<\/p>\n\n\n\n<p>Daha detayl\u0131 bilgi i\u00e7in&nbsp;<strong>[<\/strong>Ayd\u0131nlatma Metni<strong>] <\/strong><strong>L\u0130NK<\/strong>&nbsp;<a href=\"https:\/\/noki.com.tr\/index.php\/tr\/iletisim\/gizlilik-bildirimi-ve-kullanim-kosullari\/\">https:\/\/noki.com.tr\/index.php\/tr\/iletisim\/gizlilik-bildirimi-ve-kullanim-kosullari\/<\/a> sayfam\u0131z\u0131 ziyaret edebilirsiniz.<\/p>\n\n\n\n<p><strong>\u00c7erezleri Nas\u0131l Kontrol Edebilirsiniz?<\/strong><br>Taray\u0131c\u0131 ayarlar\u0131n\u0131z\u0131 de\u011fi\u015ftirerek \u00e7erezleri reddedebilir veya silebilirsiniz. Ancak zorunlu \u00e7erezlerin kapat\u0131lmas\u0131 sitemizin baz\u0131 \u00f6zelliklerinin \u00e7al\u0131\u015fmamas\u0131na neden olabilir.<\/p>\n\n\n\n<p>A\u015fa\u011f\u0131da farkl\u0131 internet taray\u0131c\u0131lar\u0131 \u00fczerinden \u00e7erezlerin kullan\u0131lmas\u0131n\u0131 engellemek i\u00e7in hangi ad\u0131mlar\u0131n izlenmesi gerekti\u011fine ili\u015fkin bilgiler yer almaktad\u0131r:<\/p>\n\n\n\n<p><strong>\u2022 Internet Explorer<\/strong><\/p>\n\n\n\n<p>1. Bilgisayar\u0131n\u0131z\u0131n masa\u00fcst\u00fcn\u00fc a\u00e7\u0131n ve g\u00f6rev \u00e7ubu\u011funda &#8220;Internet Explorer&#8221; simgesine dokunun veya t\u0131klay\u0131n.<\/p>\n\n\n\n<p>2. &#8220;Ara\u00e7lar&#8221; d\u00fc\u011fmesine, sonras\u0131nda da &#8220;\u0130nternet se\u00e7enekleri&#8221; k\u0131sm\u0131na t\u0131klay\u0131n.<\/p>\n\n\n\n<p>3. &#8220;Gizlilik&#8221; sekmesine dokunun veya t\u0131klay\u0131n, ard\u0131ndan t\u00fcm tan\u0131mlama bilgilerini engellemek i\u00e7in ayarlar\u0131n alt\u0131nda bulunan kayd\u0131r\u0131c\u0131y\u0131 yukar\u0131ya hareket ettirin ve &#8220;Tamam&#8221; d\u00fc\u011fmesine t\u0131klay\u0131n.<\/p>\n\n\n\n<p><strong>\u2022 Microsoft Edge<\/strong><\/p>\n\n\n\n<p>1. &#8220;Microsoft Edge&#8221; taray\u0131c\u0131n\u0131z\u0131n sa\u011f \u00fcst k\u00f6\u015fesinden \u00fc\u00e7 nokta i\u015fareti olan b\u00f6l\u00fcme t\u0131klay\u0131n ve &#8220;Ayarlar&#8221; b\u00f6l\u00fcm\u00fcne gelin.<\/p>\n\n\n\n<p>2. Kar\u015f\u0131n\u0131za gelen yeni pencerede &#8220;Temizlenecek \u00d6\u011feleri Se\u00e7&#8221; dedikten sonra, kar\u015f\u0131n\u0131za gelen pencereden temizlemek istedi\u011finiz \u00e7erezleri se\u00e7in.<\/p>\n\n\n\n<p>3. Burada bir\u00e7ok b\u00f6l\u00fcm bulunmaktad\u0131r. \u0130stedi\u011finiz \u00e7erezleri se\u00e7erek temizleme i\u015flemine ba\u015flayabilirsiniz.<\/p>\n\n\n\n<p><strong>\u2022 Google Chrome<\/strong><\/p>\n\n\n\n<p>1. Bilgisayar\u0131n\u0131zda Google Chrome&#8217;u a\u00e7\u0131n.<\/p>\n\n\n\n<p>2. Sa\u011f \u00fcstte &#8220;Di\u011fer Ayarlar&#8221; k\u0131sm\u0131na t\u0131klay\u0131n.<\/p>\n\n\n\n<p>3. Altta bulunan &#8220;Geli\u015fmi\u015f&#8221; k\u0131sm\u0131na t\u0131klay\u0131n.<\/p>\n\n\n\n<p>4. &#8220;Gizlilik ve G\u00fcvenlik&#8221; k\u0131sm\u0131n\u0131n alt\u0131nda olan &#8220;\u0130\u00e7erik Ayarlar\u0131&#8221; k\u0131sm\u0131na t\u0131klay\u0131n.<\/p>\n\n\n\n<p>5. Sonras\u0131nda &#8220;\u00c7erezler&#8221; se\u00e7ene\u011fine t\u0131klay\u0131n.<\/p>\n\n\n\n<p>6. &#8220;T\u00fcm \u00e7erezler ve Site Verileri&#8221; k\u0131sm\u0131n\u0131n alt\u0131nda giri\u015f yapm\u0131\u015f oldu\u011funuz web sitesinin ad\u0131n\u0131 aray\u0131n.<\/p>\n\n\n\n<p>7. Sitenin sa\u011f\u0131ndaki &#8220;Kald\u0131r&#8221; simgesini t\u0131klay\u0131n.<\/p>\n\n\n\n<p><strong>KVK Kanunu\u2019nun 11. Maddesi\u2019nde Belirtilen Haklar:<\/strong><\/p>\n\n\n\n<p>\u2022 <strong>&nbsp;<\/strong>Ki\u015fisel veri i\u015flenip i\u015flenmedi\u011fini \u00f6\u011frenme,<\/p>\n\n\n\n<p>\u2022 Ki\u015fisel verileri i\u015flenmi\u015fse buna ili\u015fkin bilgi talep etme,<\/p>\n\n\n\n<p>\u2022 Ki\u015fisel verilerin i\u015flenme amac\u0131n\u0131 ve bunlar\u0131n amac\u0131na uygun kullan\u0131l\u0131p kullan\u0131lmad\u0131\u011f\u0131n\u0131 \u00f6\u011frenme,<\/p>\n\n\n\n<p>\u2022 Yurt i\u00e7inde veya yurt d\u0131\u015f\u0131nda ki\u015fisel verilerin aktar\u0131ld\u0131\u011f\u0131 \u00fc\u00e7\u00fcnc\u00fc ki\u015fileri bilme,<\/p>\n\n\n\n<p>\u2022 Ki\u015fisel verilerin eksik veya yanl\u0131\u015f i\u015flenmi\u015f olmas\u0131 h\u00e2linde bunlar\u0131n d\u00fczeltilmesini isteme ve bu kapsamda yap\u0131lan i\u015flemin ki\u015fisel verilerin aktar\u0131ld\u0131\u011f\u0131 \u00fc\u00e7\u00fcnc\u00fc ki\u015filere bildirilmesini isteme,<\/p>\n\n\n\n<p>\u2022 KVK Kanunu ve ilgili di\u011fer kanun h\u00fck\u00fcmlerine uygun olarak i\u015flenmi\u015f olmas\u0131na ra\u011fmen, i\u015flenmesini gerektiren sebeplerin ortadan kalkmas\u0131 h\u00e2linde ki\u015fisel verilerin silinmesini veya yok edilmesini isteme ve bu kapsamda yap\u0131lan i\u015flemin ki\u015fisel verilerin aktar\u0131ld\u0131\u011f\u0131 \u00fc\u00e7\u00fcnc\u00fc ki\u015filere bildirilmesini isteme,<\/p>\n\n\n\n<p>\u2022 \u0130\u015flenen verilerin m\u00fcnhas\u0131ran otomatik sistemler vas\u0131tas\u0131yla analiz edilmesi suretiyle ki\u015finin kendisi aleyhine bir sonucun ortaya \u00e7\u0131kmas\u0131na itiraz etme,<\/p>\n\n\n\n<p>\u2022 Ki\u015fisel verilerin kanuna ayk\u0131r\u0131 olarak i\u015flenmesi sebebiyle zarara u\u011framas\u0131 h\u00e2linde zarar\u0131n giderilmesini talep etme haklar\u0131na sahiptir.<\/p>\n\n\n\n<p>S\u00f6z konusu haklar\u0131n\u0131za ili\u015fkin taleplerinizi, a\u015fa\u011f\u0131daki adreslere her zaman iletebilirsiniz:<\/p>\n\n\n\n<p>Veri Sorumlusu: Derya Ofis \u00dcr\u00fcnleri Sanayi Ticaret A. \u015e.<\/p>\n\n\n\n<p>E-Posta: <a href=\"mailto:info@noki.com.tr\">info@noki.com.tr<\/a><\/p>\n\n\n\n<p>Kep Adresi: <a href=\"mailto:deryaofis@hs01.kep.tr\">deryaofis@hs01.kep.tr<\/a><\/p>\n\n\n\n<p>Adres: Derya Ofis \u00dcr\u00fcnleri Sanayi Ticaret A. \u015e. Mahmutbey Mahallesi, \u0130sto\u00e7 \u0130\u015f Merkezi, 2446 Sokak G\u00fcney Plaza No: 170 \/ 51 Kat: 6, 34218 Ba\u011fc\u0131lar \u2013 \u0130stanbul.<\/p>\n\n\n\n<p>Son G\u00fcncelleme Tarihi: 01\/04\/2026<\/p>\n\n\n\n<p> <\/p>\n\n\n\n<p> <\/p>\n\n\n\n<details class=\"wp-block-details is-layout-flow wp-block-details-is-layout-flow\"><summary>\u00c7erez Ayd\u0131nlatma Metni PDF<\/summary>\n<div data-wp-interactive=\"core\/file\" class=\"wp-block-file\"><object data-wp-bind--hidden=\"!state.hasPdfPreview\" hidden class=\"wp-block-file__embed\" data=\"https:\/\/noki.com.tr\/wp-content\/uploads\/2026\/04\/Noki-Cerez-Aydinlatma-Metni.pdf\" type=\"application\/pdf\" style=\"width:100%;height:600px\" aria-label=\"Noki-Cerez-Aydinlatma-Metni g\u00f6m\u00fcs\u00fc.\"><\/object><a id=\"wp-block-file--media-7cc4670c-1162-4f57-9a02-eae2d73d1093\" href=\"https:\/\/noki.com.tr\/wp-content\/uploads\/2026\/04\/Noki-Cerez-Aydinlatma-Metni.pdf\" target=\"_blank\" rel=\"noreferrer noopener\">Noki-Cerez-Aydinlatma-Metni<\/a><a href=\"https:\/\/noki.com.tr\/wp-content\/uploads\/2026\/04\/Noki-Cerez-Aydinlatma-Metni.pdf\" class=\"wp-block-file__button wp-element-button\" download aria-describedby=\"wp-block-file--media-7cc4670c-1162-4f57-9a02-eae2d73d1093\">\u0130ndir<\/a><\/div>\n<\/details>\n","protected":false},"excerpt":{"rendered":"<p>\u00c7EREZ AYDINLATMA METN\u0130 [Derya Ofis \u00dcr\u00fcnleri Sanayi Ticaret A. \u015e.] (\u201c\u015eirket\u201d) ve [https:\/\/noki.com.tr\/] (\u201cSite\u201d) olarak, web sitemizdeki deneyiminizi geli\u015ftirmek, trafi\u011fi analiz etmek ve size daha iyi hizmet sunabilmek i\u00e7in \u00e7erezler (cookies) kullanabilmekteyiz. \u00c7erezler Nedir?Ziyaret etti\u011finiz web siteleri, bilgisayar\u0131n\u0131za ya da telefonunuza k\u00fc\u00e7\u00fck bilgiler kaydedip, daha sonra ayn\u0131 siteyi ziyaret etti\u011finizde bu bilgileri okuyabilirler. Bu k\u00fc\u00e7\u00fck [&hellip;]<\/p>\n","protected":false},"author":1,"featured_media":0,"parent":0,"menu_order":0,"comment_status":"closed","ping_status":"closed","template":"","meta":{"_acf_changed":false,"footnotes":""},"class_list":["post-10927","page","type-page","status-publish","hentry"],"acf":[],"_links":{"self":[{"href":"https:\/\/noki.com.tr\/index.php\/wp-json\/wp\/v2\/pages\/10927","targetHints":{"allow":["GET"]}}],"collection":[{"href":"https:\/\/noki.com.tr\/index.php\/wp-json\/wp\/v2\/pages"}],"about":[{"href":"https:\/\/noki.com.tr\/index.php\/wp-json\/wp\/v2\/types\/page"}],"author":[{"embeddable":true,"href":"https:\/\/noki.com.tr\/index.php\/wp-json\/wp\/v2\/users\/1"}],"replies":[{"embeddable":true,"href":"https:\/\/noki.com.tr\/index.php\/wp-json\/wp\/v2\/comments?post=10927"}],"version-history":[{"count":5,"href":"https:\/\/noki.com.tr\/index.php\/wp-json\/wp\/v2\/pages\/10927\/revisions"}],"predecessor-version":[{"id":10934,"href":"https:\/\/noki.com.tr\/index.php\/wp-json\/wp\/v2\/pages\/10927\/revisions\/10934"}],"wp:attachment":[{"href":"https:\/\/noki.com.tr\/index.php\/wp-json\/wp\/v2\/media?parent=10927"}],"curies":[{"name":"wp","href":"https:\/\/api.w.org\/{rel}","templated":true}]}}