{"id":16,"date":"2022-01-11T23:55:22","date_gmt":"2022-01-11T20:55:22","guid":{"rendered":"https:\/\/noki.com.tr\/?page_id=16"},"modified":"2022-04-05T16:18:04","modified_gmt":"2022-04-05T13:18:04","slug":"vizyon-ve-misyon","status":"publish","type":"page","link":"https:\/\/noki.com.tr\/index.php\/tr\/kurumsal\/vizyon-ve-misyon\/","title":{"rendered":"Vizyon ve Misyon"},"content":{"rendered":"\n<figure class=\"wp-block-image size-large\"><img loading=\"lazy\" decoding=\"async\" width=\"1440\" height=\"423\" src=\"https:\/\/noki.com.tr\/wp-content\/uploads\/2022\/02\/Untitled-10-09-1440x423.jpg\" alt=\"\" class=\"wp-image-7421\" srcset=\"https:\/\/noki.com.tr\/wp-content\/uploads\/2022\/02\/Untitled-10-09-1440x423.jpg 1440w, https:\/\/noki.com.tr\/wp-content\/uploads\/2022\/02\/Untitled-10-09-720x212.jpg 720w, https:\/\/noki.com.tr\/wp-content\/uploads\/2022\/02\/Untitled-10-09-768x226.jpg 768w, https:\/\/noki.com.tr\/wp-content\/uploads\/2022\/02\/Untitled-10-09-1536x451.jpg 1536w, https:\/\/noki.com.tr\/wp-content\/uploads\/2022\/02\/Untitled-10-09-2048x602.jpg 2048w\" sizes=\"auto, (max-width: 1440px) 100vw, 1440px\" \/><\/figure>\n\n\n\n<h2 class=\"wp-block-heading\">V\u0130ZYONUMUZ<\/h2>\n\n\n\n<p>Ofis ortam\u0131nda, okulda, kullan\u0131c\u0131lar\u0131n ihtiya\u00e7 duyaca\u011f\u0131 modern, inovatif etkin \u00fcr\u00fcnleri Noki markas\u0131yla \u00fcreterek b\u00f6lgesel bir tedarik\u00e7i olmak.<\/p>\n\n\n\n<h2 class=\"wp-block-heading\">MiSYONUMUZ<\/h2>\n\n\n\n<p>Dosyalama, yaz\u0131 ve ofis gere\u00e7leri, yaz\u0131 tahtalar\u0131, pano \u00fcretim ve sat\u0131\u015f\u0131nda, 30 y\u0131ll\u0131k deneyim ile T\u00fcrkiye\u2019nin g\u00f6zde firmalar\u0131ndan biri olarak, bu alandaki g\u00fcnl\u00fck ihtiya\u00e7lara g\u00f6re yeni \u00fcr\u00fcnler geli\u015ftirerek \u00fcr\u00fcn yelpazesini s\u00fcrekli geni\u015fletmek, sat\u0131\u015flar\u0131m\u0131zda ihracat\u0131n pay\u0131n\u0131 daha da artt\u0131rmak.<\/p>\n\n\n\n<h2 class=\"wp-block-heading\">POL\u0130T\u0130KAMIZ<\/h2>\n\n\n\n<p>K\u0131rtasiye \u00fcr\u00fcnleri ve ofis gere\u00e7lerinde, m\u00fc\u015fteri memnuniyeti \u00f6ncelikli, toplam kalite y\u00f6netimi felsefesiyle, h\u0131zl\u0131, do\u011fru, g\u00fcvenilir \u00e7\u00f6z\u00fcmler \u00fcretmek ve s\u00fcrekli geli\u015fmektir.<\/p>\n","protected":false},"excerpt":{"rendered":"<p>K\u0131rtasiye \u00fcr\u00fcnleri ve ofis gere\u00e7lerinde, m\u00fc\u015fteri memnuniyeti \u00f6ncelikli, toplam kalite y\u00f6netimi felsefesiyle, h\u0131zl\u0131, do\u011fru, g\u00fcvenilir \u00e7\u00f6z\u00fcmler \u00fcretmek ve s\u00fcrekli geli\u015fmektir.<\/p>\n","protected":false},"author":1,"featured_media":0,"parent":12,"menu_order":2,"comment_status":"closed","ping_status":"closed","template":"","meta":{"_acf_changed":false,"footnotes":""},"class_list":["post-16","page","type-page","status-publish","hentry"],"acf":[],"_links":{"self":[{"href":"https:\/\/noki.com.tr\/index.php\/wp-json\/wp\/v2\/pages\/16","targetHints":{"allow":["GET"]}}],"collection":[{"href":"https:\/\/noki.com.tr\/index.php\/wp-json\/wp\/v2\/pages"}],"about":[{"href":"https:\/\/noki.com.tr\/index.php\/wp-json\/wp\/v2\/types\/page"}],"author":[{"embeddable":true,"href":"https:\/\/noki.com.tr\/index.php\/wp-json\/wp\/v2\/users\/1"}],"replies":[{"embeddable":true,"href":"https:\/\/noki.com.tr\/index.php\/wp-json\/wp\/v2\/comments?post=16"}],"version-history":[{"count":8,"href":"https:\/\/noki.com.tr\/index.php\/wp-json\/wp\/v2\/pages\/16\/revisions"}],"predecessor-version":[{"id":7702,"href":"https:\/\/noki.com.tr\/index.php\/wp-json\/wp\/v2\/pages\/16\/revisions\/7702"}],"up":[{"embeddable":true,"href":"https:\/\/noki.com.tr\/index.php\/wp-json\/wp\/v2\/pages\/12"}],"wp:attachment":[{"href":"https:\/\/noki.com.tr\/index.php\/wp-json\/wp\/v2\/media?parent=16"}],"curies":[{"name":"wp","href":"https:\/\/api.w.org\/{rel}","templated":true}]}}