{"id":18,"date":"2022-01-11T23:55:42","date_gmt":"2022-01-11T20:55:42","guid":{"rendered":"https:\/\/noki.com.tr\/?page_id=18"},"modified":"2022-03-05T21:58:37","modified_gmt":"2022-03-05T18:58:37","slug":"felsefemiz","status":"publish","type":"page","link":"https:\/\/noki.com.tr\/index.php\/tr\/kurumsal\/felsefemiz\/","title":{"rendered":"Felsefemiz"},"content":{"rendered":"\n<figure class=\"wp-block-image size-large\"><img loading=\"lazy\" decoding=\"async\" width=\"1440\" height=\"423\" src=\"https:\/\/noki.com.tr\/wp-content\/uploads\/2022\/02\/Untitled-10-10-1440x423.jpg\" alt=\"\" class=\"wp-image-7423\" srcset=\"https:\/\/noki.com.tr\/wp-content\/uploads\/2022\/02\/Untitled-10-10-1440x423.jpg 1440w, https:\/\/noki.com.tr\/wp-content\/uploads\/2022\/02\/Untitled-10-10-720x212.jpg 720w, https:\/\/noki.com.tr\/wp-content\/uploads\/2022\/02\/Untitled-10-10-768x226.jpg 768w, https:\/\/noki.com.tr\/wp-content\/uploads\/2022\/02\/Untitled-10-10-1536x451.jpg 1536w, https:\/\/noki.com.tr\/wp-content\/uploads\/2022\/02\/Untitled-10-10-2048x602.jpg 2048w\" sizes=\"auto, (max-width: 1440px) 100vw, 1440px\" \/><\/figure>\n\n\n\n<p>M\u00fc\u015fteri memnuniyeti, her \u015feyden \u00f6nceliklidir. M\u00fc\u015fterilerimizin \u00e7\u00f6z\u00fcm orta\u011f\u0131 ve do\u011fal dan\u0131\u015fman\u0131 olarak, onlar\u0131 en y\u00fcksek d\u00fczeyde memnun etmek i\u00e7in, beklentilerini en ekonomik ve h\u0131zl\u0131 bir bi\u00e7imde kar\u015f\u0131layarak, m\u00fckemmel \u00fcr\u00fcnler sunmak birincil g\u00f6revimizdir.<\/p>\n\n\n\n<p>Kalite, ki\u015fisel ve kurumsal geli\u015fimimiz i\u00e7in ya\u015fam\u0131m\u0131z\u0131n vazge\u00e7ilmez bir unsuru ve \u015firket k\u00fclt\u00fcr\u00fcm\u00fcz\u00fcn en \u00f6nemli de\u011feridir. Kalitemiz hakk\u0131ndaki \u00f6l\u00e7\u00fct\u00fc m\u00fc\u015fterilerimiz saptamaktad\u0131r. \u00dcr\u00fcnlerimiz ile ilgili m\u00fc\u015fteri g\u00f6r\u00fc\u015f ve \u00f6nerileri ba\u011flay\u0131c\u0131d\u0131r.<\/p>\n\n\n\n<p>Kalite hedefimiz olarak, her zaman \u201cmininum hata\u201d ve \u201czaman\u0131nda teslimat\u201d ge\u00e7erlidir.<\/p>\n\n\n\n<p>Yapt\u0131\u011f\u0131 i\u015fin kalitesinden herkes kendisi sorumludur. Kalite g\u00fcvence sistemimiz ise, t\u00fcm \u00e7al\u0131\u015fanlar\u0131m\u0131z\u0131n sorumlulu\u011fundad\u0131r. Dolay\u0131s\u0131yla, Stajyer\u2019den Genel M\u00fcd\u00fcr\u2019e kadar, her \u00e7al\u0131\u015fan\u0131n g\u00f6revi kusursuz i\u015f yapmakt\u0131r.<\/p>\n\n\n\n<p>Y\u00f6netimde Kalite\u2019nin, \u00e7al\u0131\u015fanlar\u0131m\u0131z\u0131n ve m\u00fc\u015fterilerimizin mutlulu\u011funa odaklanm\u0131\u015f sistematik bir yakla\u015f\u0131mla, s\u00fcrekli katma de\u011fer yaratarak sa\u011flanaca\u011f\u0131na inan\u0131yoruz.<\/p>\n\n\n\n<p>\u015eirketimizde her b\u00f6l\u00fcm, i\u015f ak\u0131\u015f\u0131nda kendinden sonra gelen b\u00f6l\u00fcm\u00fc m\u00fc\u015fterisi olarak g\u00f6r\u00fcp, \u00fcretti\u011fi \u00fcr\u00fcn ya da hizmeti \u00f6ncelikle onlara be\u011fendirmek zorundad\u0131r.<\/p>\n\n\n\n<p>M\u00fc\u015fteri ile ili\u015fkilerimizi, sat\u0131\u015f sonras\u0131nda da s\u00fcrd\u00fcr\u00fcr, \u00fcretti\u011fimiz ve ithal etti\u011fimiz \u00fcr\u00fcnlerimize garanti verir, sat\u0131\u015f sonras\u0131 hizmetleri \u00fcstleniriz.<\/p>\n\n\n\n<p>Zaman\u0131n \u00e7ok de\u011ferli oldu\u011funa inan\u0131r, h\u0131zl\u0131 d\u00fc\u015f\u00fcn\u00fcr, planl\u0131 hareket eder, d\u00fcr\u00fcst, a\u00e7\u0131k ve net davran\u0131r, ayr\u0131nt\u0131lara \u00f6nem veririz.<\/p>\n\n\n\n<p>M\u00fc\u015fterilerimizin s\u00fcrekli geli\u015fimine ve de\u011fi\u015fimine katk\u0131da bulunmak amac\u0131yla, sekt\u00f6r\u00fcm\u00fcz ile ilgili d\u00fcnyadaki yenilikleri yak\u0131ndan izler ve \u00f6\u011freniriz.<\/p>\n","protected":false},"excerpt":{"rendered":"<p>M\u00fc\u015fteri memnuniyeti, her \u015feyden \u00f6nceliklidir. M\u00fc\u015fterilerimizin \u00e7\u00f6z\u00fcm orta\u011f\u0131 ve do\u011fal dan\u0131\u015fman\u0131 olarak, onlar\u0131 en y\u00fcksek d\u00fczeyde memnun etmek i\u00e7in, beklentilerini en ekonomik ve h\u0131zl\u0131 bir bi\u00e7imde kar\u015f\u0131layarak, m\u00fckemmel \u00fcr\u00fcnler sunmak birincil g\u00f6revimizdir.<\/p>\n","protected":false},"author":1,"featured_media":7423,"parent":12,"menu_order":3,"comment_status":"closed","ping_status":"closed","template":"","meta":{"_acf_changed":false,"footnotes":""},"class_list":["post-18","page","type-page","status-publish","has-post-thumbnail","hentry"],"acf":[],"_links":{"self":[{"href":"https:\/\/noki.com.tr\/index.php\/wp-json\/wp\/v2\/pages\/18","targetHints":{"allow":["GET"]}}],"collection":[{"href":"https:\/\/noki.com.tr\/index.php\/wp-json\/wp\/v2\/pages"}],"about":[{"href":"https:\/\/noki.com.tr\/index.php\/wp-json\/wp\/v2\/types\/page"}],"author":[{"embeddable":true,"href":"https:\/\/noki.com.tr\/index.php\/wp-json\/wp\/v2\/users\/1"}],"replies":[{"embeddable":true,"href":"https:\/\/noki.com.tr\/index.php\/wp-json\/wp\/v2\/comments?post=18"}],"version-history":[{"count":8,"href":"https:\/\/noki.com.tr\/index.php\/wp-json\/wp\/v2\/pages\/18\/revisions"}],"predecessor-version":[{"id":7529,"href":"https:\/\/noki.com.tr\/index.php\/wp-json\/wp\/v2\/pages\/18\/revisions\/7529"}],"up":[{"embeddable":true,"href":"https:\/\/noki.com.tr\/index.php\/wp-json\/wp\/v2\/pages\/12"}],"wp:featuredmedia":[{"embeddable":true,"href":"https:\/\/noki.com.tr\/index.php\/wp-json\/wp\/v2\/media\/7423"}],"wp:attachment":[{"href":"https:\/\/noki.com.tr\/index.php\/wp-json\/wp\/v2\/media?parent=18"}],"curies":[{"name":"wp","href":"https:\/\/api.w.org\/{rel}","templated":true}]}}