{"id":20,"date":"2022-01-11T23:57:16","date_gmt":"2022-01-11T20:57:16","guid":{"rendered":"https:\/\/noki.com.tr\/?page_id=20"},"modified":"2022-04-05T16:21:29","modified_gmt":"2022-04-05T13:21:29","slug":"cevre-politikamiz","status":"publish","type":"page","link":"https:\/\/noki.com.tr\/index.php\/tr\/kurumsal\/cevre-politikamiz\/","title":{"rendered":"\u00c7evre Politikam\u0131z"},"content":{"rendered":"\n<figure class=\"wp-block-image size-large\"><img loading=\"lazy\" decoding=\"async\" width=\"1440\" height=\"423\" src=\"https:\/\/noki.com.tr\/wp-content\/uploads\/2022\/04\/CEVRE-TR-1440x423.jpg\" alt=\"\" class=\"wp-image-7707\" srcset=\"https:\/\/noki.com.tr\/wp-content\/uploads\/2022\/04\/CEVRE-TR-1440x423.jpg 1440w, https:\/\/noki.com.tr\/wp-content\/uploads\/2022\/04\/CEVRE-TR-720x211.jpg 720w, https:\/\/noki.com.tr\/wp-content\/uploads\/2022\/04\/CEVRE-TR-768x225.jpg 768w, https:\/\/noki.com.tr\/wp-content\/uploads\/2022\/04\/CEVRE-TR-1536x451.jpg 1536w, https:\/\/noki.com.tr\/wp-content\/uploads\/2022\/04\/CEVRE-TR-2048x601.jpg 2048w\" sizes=\"auto, (max-width: 1440px) 100vw, 1440px\" \/><\/figure>\n\n\n\n<p>Gelecek ku\u015faklara bozulmam\u0131\u015f bir do\u011fa, tertemiz bir \u00e7evre ve sa\u011fl\u0131kl\u0131 bir d\u00fcnya b\u0131rakmak hepimizin sorumlulu\u011fundad\u0131r. Bu anlay\u0131\u015f ve s\u00fcrd\u00fcr\u00fclebilirlik bilinciyle \u00e7evreyi korumak, yenilenebilir enerji kaynaklar\u0131na y\u00f6nelmek, t\u00fcketimde savurganl\u0131ktan ka\u00e7\u0131nmak ve di\u011fer t\u00fcm do\u011fal kaynaklar\u0131 tasarruflu kullanmak insanl\u0131k g\u00f6revimizdir.<\/p>\n","protected":false},"excerpt":{"rendered":"<p>\u00c7evreyi korumak, yenilenebilir enerji kaynaklar\u0131na y\u00f6nelmek, t\u00fcketimde savurganl\u0131ktan ka\u00e7\u0131nmak ve di\u011fer t\u00fcm do\u011fal kaynaklar\u0131 tasarruflu kullanmak insanl\u0131k g\u00f6revimizdir.<\/p>\n","protected":false},"author":1,"featured_media":7426,"parent":12,"menu_order":4,"comment_status":"closed","ping_status":"closed","template":"","meta":{"_acf_changed":false,"footnotes":""},"class_list":["post-20","page","type-page","status-publish","has-post-thumbnail","hentry"],"acf":[],"_links":{"self":[{"href":"https:\/\/noki.com.tr\/index.php\/wp-json\/wp\/v2\/pages\/20","targetHints":{"allow":["GET"]}}],"collection":[{"href":"https:\/\/noki.com.tr\/index.php\/wp-json\/wp\/v2\/pages"}],"about":[{"href":"https:\/\/noki.com.tr\/index.php\/wp-json\/wp\/v2\/types\/page"}],"author":[{"embeddable":true,"href":"https:\/\/noki.com.tr\/index.php\/wp-json\/wp\/v2\/users\/1"}],"replies":[{"embeddable":true,"href":"https:\/\/noki.com.tr\/index.php\/wp-json\/wp\/v2\/comments?post=20"}],"version-history":[{"count":9,"href":"https:\/\/noki.com.tr\/index.php\/wp-json\/wp\/v2\/pages\/20\/revisions"}],"predecessor-version":[{"id":7708,"href":"https:\/\/noki.com.tr\/index.php\/wp-json\/wp\/v2\/pages\/20\/revisions\/7708"}],"up":[{"embeddable":true,"href":"https:\/\/noki.com.tr\/index.php\/wp-json\/wp\/v2\/pages\/12"}],"wp:featuredmedia":[{"embeddable":true,"href":"https:\/\/noki.com.tr\/index.php\/wp-json\/wp\/v2\/media\/7426"}],"wp:attachment":[{"href":"https:\/\/noki.com.tr\/index.php\/wp-json\/wp\/v2\/media?parent=20"}],"curies":[{"name":"wp","href":"https:\/\/api.w.org\/{rel}","templated":true}]}}