{"id":22,"date":"2022-01-11T23:57:56","date_gmt":"2022-01-11T20:57:56","guid":{"rendered":"https:\/\/noki.com.tr\/?page_id=22"},"modified":"2022-05-10T20:50:08","modified_gmt":"2022-05-10T17:50:08","slug":"insan-kaynaklari","status":"publish","type":"page","link":"https:\/\/noki.com.tr\/index.php\/tr\/kurumsal\/insan-kaynaklari\/","title":{"rendered":"\u0130nsan Kaynaklar\u0131"},"content":{"rendered":"\n<figure class=\"wp-block-image size-large\"><img loading=\"lazy\" decoding=\"async\" width=\"1440\" height=\"423\" src=\"https:\/\/noki.com.tr\/wp-content\/uploads\/2022\/02\/Untitled-10-12-1440x423.jpg\" alt=\"\" class=\"wp-image-7428\" srcset=\"https:\/\/noki.com.tr\/wp-content\/uploads\/2022\/02\/Untitled-10-12-1440x423.jpg 1440w, https:\/\/noki.com.tr\/wp-content\/uploads\/2022\/02\/Untitled-10-12-720x212.jpg 720w, https:\/\/noki.com.tr\/wp-content\/uploads\/2022\/02\/Untitled-10-12-768x226.jpg 768w, https:\/\/noki.com.tr\/wp-content\/uploads\/2022\/02\/Untitled-10-12-1536x451.jpg 1536w, https:\/\/noki.com.tr\/wp-content\/uploads\/2022\/02\/Untitled-10-12-2048x602.jpg 2048w\" sizes=\"auto, (max-width: 1440px) 100vw, 1440px\" \/><\/figure>\n\n\n\n<p>Her \u015fey insanla ba\u015flar ve insanlar\u0131n mutlulu\u011fu i\u00e7indir. Y\u00f6netim felsefesi olarak, insana sayg\u0131 her \u015feyden \u00f6nce gelmektedir. \u0130nsan kayna\u011f\u0131na yap\u0131lan yat\u0131r\u0131m, en \u00f6nemli ve kal\u0131c\u0131 yat\u0131r\u0131md\u0131r. \u00c7al\u0131\u015fanlar\u0131m\u0131za de\u011fer verir, yeteneklerinin geli\u015ftirilmesine yard\u0131mc\u0131 oluruz. Motivasyonlar\u0131n\u0131n artt\u0131r\u0131lmas\u0131, s\u00fcrekli geli\u015ftirilmeleri ve risk almalar\u0131 konular\u0131nda y\u00fcreklendirilmeleri, herkese e\u015fit davran\u0131lmas\u0131 ve ba\u015far\u0131lar\u0131n\u0131n \u00f6d\u00fcllendirilmesi i\u00e7in t\u00fcm olanaklar\u0131m\u0131z\u0131 seferber ederiz. \u015eirketimizde tak\u0131m \u00e7al\u0131\u015fmas\u0131, kat\u0131l\u0131m ve yarat\u0131c\u0131l\u0131k temel al\u0131nm\u0131\u015ft\u0131r.<\/p>\n\n\n\n<h2 class=\"wp-block-heading\">\u0130\u015f Ba\u015fvurusu<\/h2>\n\n\n\n<p>Firmam\u0131zdaki a\u00e7\u0131k pozisyonlar\u0131 g\u00f6rmek ve gelecekteki i\u015f ilanlar\u0131n\u0131 takip etmek i\u00e7in l\u00fctfen <a rel=\"noreferrer noopener\" href=\"https:\/\/www.linkedin.com\/company\/nokiturkiye\/\" data-type=\"URL\" data-id=\"https:\/\/www.linkedin.com\/company\/nokiturkiye\/\" target=\"_blank\">LinkedIn sayfam\u0131z\u0131<\/a> takip ediniz.<\/p>\n","protected":false},"excerpt":{"rendered":"<p>Her \u015fey insanla ba\u015flar ve insanlar\u0131n mutlulu\u011fu i\u00e7indir.<\/p>\n","protected":false},"author":1,"featured_media":0,"parent":12,"menu_order":5,"comment_status":"closed","ping_status":"closed","template":"","meta":{"_acf_changed":false,"footnotes":""},"class_list":["post-22","page","type-page","status-publish","hentry"],"acf":[],"_links":{"self":[{"href":"https:\/\/noki.com.tr\/index.php\/wp-json\/wp\/v2\/pages\/22","targetHints":{"allow":["GET"]}}],"collection":[{"href":"https:\/\/noki.com.tr\/index.php\/wp-json\/wp\/v2\/pages"}],"about":[{"href":"https:\/\/noki.com.tr\/index.php\/wp-json\/wp\/v2\/types\/page"}],"author":[{"embeddable":true,"href":"https:\/\/noki.com.tr\/index.php\/wp-json\/wp\/v2\/users\/1"}],"replies":[{"embeddable":true,"href":"https:\/\/noki.com.tr\/index.php\/wp-json\/wp\/v2\/comments?post=22"}],"version-history":[{"count":9,"href":"https:\/\/noki.com.tr\/index.php\/wp-json\/wp\/v2\/pages\/22\/revisions"}],"predecessor-version":[{"id":8785,"href":"https:\/\/noki.com.tr\/index.php\/wp-json\/wp\/v2\/pages\/22\/revisions\/8785"}],"up":[{"embeddable":true,"href":"https:\/\/noki.com.tr\/index.php\/wp-json\/wp\/v2\/pages\/12"}],"wp:attachment":[{"href":"https:\/\/noki.com.tr\/index.php\/wp-json\/wp\/v2\/media?parent=22"}],"curies":[{"name":"wp","href":"https:\/\/api.w.org\/{rel}","templated":true}]}}