{"id":26,"date":"2022-01-11T23:58:56","date_gmt":"2022-01-11T20:58:56","guid":{"rendered":"https:\/\/noki.com.tr\/?page_id=26"},"modified":"2022-04-05T16:18:33","modified_gmt":"2022-04-05T13:18:33","slug":"noki","status":"publish","type":"page","link":"https:\/\/noki.com.tr\/index.php\/tr\/markalar\/noki\/","title":{"rendered":"Noki"},"content":{"rendered":"\n<figure class=\"wp-block-image size-large\"><img loading=\"lazy\" decoding=\"async\" width=\"1440\" height=\"423\" src=\"https:\/\/noki.com.tr\/wp-content\/uploads\/2022\/02\/Untitled-10-21-1440x423.jpg\" alt=\"\" class=\"wp-image-7430\" srcset=\"https:\/\/noki.com.tr\/wp-content\/uploads\/2022\/02\/Untitled-10-21-1440x423.jpg 1440w, https:\/\/noki.com.tr\/wp-content\/uploads\/2022\/02\/Untitled-10-21-720x212.jpg 720w, https:\/\/noki.com.tr\/wp-content\/uploads\/2022\/02\/Untitled-10-21-768x226.jpg 768w, https:\/\/noki.com.tr\/wp-content\/uploads\/2022\/02\/Untitled-10-21-1536x451.jpg 1536w, https:\/\/noki.com.tr\/wp-content\/uploads\/2022\/02\/Untitled-10-21-2048x602.jpg 2048w\" sizes=\"auto, (max-width: 1440px) 100vw, 1440px\" \/><\/figure>\n\n\n\n<p>NOK\u0130, 30 y\u0131ll\u0131k deneyimi ile \u0130stanbul ve Adapazar\u0131\u2019nda toplam 25 bin m\u00b2 kapal\u0131 alan \u00fczerine kurulu tesislerinde, 400 \u00e7al\u0131\u015fan\u0131 ile \u00fcretim yap\u0131yor. Ar-Ge destekli yenilik\u00e7i teknoloji kullan\u0131yor ve kalite g\u00fcvence sistemi uyguluyor. Ayr\u0131ca \u00e7e\u015fitli \u00fclkelerdeki, d\u00fcnyan\u0131n se\u00e7kin markalar\u0131na \u00fcretim yapan fabrikalarda, kendi markas\u0131yla \u00fcrettirdi\u011fi binlerce \u00fcr\u00fcn\u00fc de ithal edip, T\u00fcrkiye ve \u00e7evre \u00fclkelerde da\u011f\u0131t\u0131m\u0131n\u0131 yap\u0131yor.<\/p>\n\n\n\n<p>S\u00fcrekli geli\u015ftirdi\u011fi 1000\u2019i a\u015fk\u0131n \u00fcr\u00fcn \u00e7e\u015fidini, b\u00f6lge temsilcilikleri ve lojistik da\u011f\u0131t\u0131m depolar\u0131 arac\u0131l\u0131\u011f\u0131yla 5000\u2019den fazla perakende noktas\u0131nda sat\u0131\u015fa sunuyor.<\/p>\n\n\n\n<p>Kalitesini k\u00fcresel olarak da kan\u0131tlayan ve 50\u2019den fazla \u00fclkeye ihracat yapan&nbsp;<strong>NOK\u0130<\/strong>, d\u00fcnya markas\u0131 olma yolunda emin ad\u0131mlarla ilerliyor. Ofis k\u0131rtasiye \u00fcr\u00fcnlerinde global \u00e7\u00f6z\u00fcmler sunuyor.<\/p>\n","protected":false},"excerpt":{"rendered":"<p>S\u00fcrekli geli\u015ftirdi\u011fi 1000\u2019i a\u015fk\u0131n \u00fcr\u00fcn \u00e7e\u015fidini, b\u00f6lge temsilcilikleri ve lojistik da\u011f\u0131t\u0131m depolar\u0131 arac\u0131l\u0131\u011f\u0131yla 5000\u2019den fazla perakende noktas\u0131nda sat\u0131\u015fa sunuyor.<\/p>\n","protected":false},"author":1,"featured_media":7556,"parent":24,"menu_order":1,"comment_status":"closed","ping_status":"closed","template":"","meta":{"_acf_changed":false,"footnotes":""},"class_list":["post-26","page","type-page","status-publish","has-post-thumbnail","hentry"],"acf":[],"_links":{"self":[{"href":"https:\/\/noki.com.tr\/index.php\/wp-json\/wp\/v2\/pages\/26","targetHints":{"allow":["GET"]}}],"collection":[{"href":"https:\/\/noki.com.tr\/index.php\/wp-json\/wp\/v2\/pages"}],"about":[{"href":"https:\/\/noki.com.tr\/index.php\/wp-json\/wp\/v2\/types\/page"}],"author":[{"embeddable":true,"href":"https:\/\/noki.com.tr\/index.php\/wp-json\/wp\/v2\/users\/1"}],"replies":[{"embeddable":true,"href":"https:\/\/noki.com.tr\/index.php\/wp-json\/wp\/v2\/comments?post=26"}],"version-history":[{"count":8,"href":"https:\/\/noki.com.tr\/index.php\/wp-json\/wp\/v2\/pages\/26\/revisions"}],"predecessor-version":[{"id":7703,"href":"https:\/\/noki.com.tr\/index.php\/wp-json\/wp\/v2\/pages\/26\/revisions\/7703"}],"up":[{"embeddable":true,"href":"https:\/\/noki.com.tr\/index.php\/wp-json\/wp\/v2\/pages\/24"}],"wp:featuredmedia":[{"embeddable":true,"href":"https:\/\/noki.com.tr\/index.php\/wp-json\/wp\/v2\/media\/7556"}],"wp:attachment":[{"href":"https:\/\/noki.com.tr\/index.php\/wp-json\/wp\/v2\/media?parent=26"}],"curies":[{"name":"wp","href":"https:\/\/api.w.org\/{rel}","templated":true}]}}