{"id":46,"date":"2022-01-12T00:28:06","date_gmt":"2022-01-11T21:28:06","guid":{"rendered":"https:\/\/noki.com.tr\/?page_id=46"},"modified":"2022-02-25T01:51:05","modified_gmt":"2022-02-24T22:51:05","slug":"gizlilik-bildirimi-ve-kullanim-kosullari","status":"publish","type":"page","link":"https:\/\/noki.com.tr\/index.php\/tr\/iletisim\/gizlilik-bildirimi-ve-kullanim-kosullari\/","title":{"rendered":"Gizlilik Bildirimi ve Kullan\u0131m Ko\u015fullar\u0131"},"content":{"rendered":"\n<p>a) Veri Sorumlusu ve Temsilcisi<br>6698 say\u0131l\u0131 Ki\u015fisel Verilerin Korunmas\u0131 Kanunu (&#8220;6698 say\u0131l\u0131 Kanun&#8221;) uyar\u0131nca, ki\u015fisel verileriniz; veri<br>sorumlusu olarak Derya Ofis \u00dcr\u00fcnleri Sanayi ve Ticaret Anonim \u015eirketi (&#8220;\u015eirket&#8221; veya &#8220;Derya Ofis&#8221;)<br>taraf\u0131ndan a\u015fa\u011f\u0131da a\u00e7\u0131klanan kapsamda i\u015flenebilecektir.<br>b) Ki\u015fisel Verilerin Hangi Ama\u00e7la \u0130\u015flenece\u011fi<br>Toplanan ki\u015fisel verileriniz, ki\u015fisel verilerinizi bizlere a\u00e7\u0131klaman\u0131za konu olan; iletti\u011finiz mesajlar\u0131n\u0131z\u0131n<br>de\u011ferlendirilmesi, bilgi taleplerinizin kar\u015f\u0131lanmas\u0131, \u015fikayetinizin olu\u015fturulmas\u0131, i\u015flenmesi ve<br>sonu\u00e7land\u0131r\u0131lmas\u0131, sat\u0131\u015f sonras\u0131 hizmetlerin sa\u011flanmas\u0131, \u00fcr\u00fcn ve hizmetlerimize ili\u015fkin bilgi<br>taleplerinizin kar\u015f\u0131lanmas\u0131, ilgilendi\u011finiz \u00fcr\u00fcn ve hizmetlerimize ili\u015fkin bildirimlerin ve g\u00fcncellemelerin<br>taraf\u0131n\u0131za iletilmesi, talebinize istinaden \u00fcr\u00fcn ve hizmetlerimize ili\u015fkin bilgilerin taraf\u0131n\u0131zca sa\u011flanan<br>ileti\u015fim adreslerine g\u00f6nderilmesi ama\u00e7lar\u0131yla ve ayr\u0131ca \u015eirketimiz taraf\u0131ndan sunulan \u00fcr\u00fcn ve<br>hizmetlerden sizleri faydaland\u0131rmak i\u00e7in gerekli \u00e7al\u0131\u015fmalar\u0131n i\u015f birimlerimiz taraf\u0131ndan yap\u0131lmas\u0131;<br>\u015eirketimiz taraf\u0131ndan sunulan \u00fcr\u00fcn ve hizmetlerin sizlerin be\u011feni, kullan\u0131m al\u0131\u015fkanl\u0131klar\u0131 ve<br>ihtiya\u00e7lar\u0131na g\u00f6re \u00f6zelle\u015ftirilerek sizlere \u00f6nerilmesi; \u015eirketimizin ve \u015eirketimizle i\u015f ili\u015fkisi i\u00e7erisinde<br>olan ki\u015filerin hukuki ve ticari g\u00fcvenli\u011finin temini; \u015eirketimizin ticari ve i\u015f stratejilerinin belirlenmesi ve<br>uygulanmas\u0131 ama\u00e7lar\u0131yla 6698 say\u0131l\u0131 Kanun&#8217;un 5. ve 6. maddelerinde belirtilen ki\u015fisel veri i\u015fleme<br>\u015fartlar\u0131 ve ama\u00e7lar\u0131 dahilinde i\u015flenecektir.<br>Ki\u015fisel verilerinizin \u015eirketimiz taraf\u0131ndan i\u015flenme ama\u00e7lar\u0131 konusunda detayl\u0131 bilgilere;<br>http:\/\/www.noki.com.tr internet adresinden kamuoyu ile payla\u015f\u0131lm\u0131\u015f olan Derya Ofis \u00dcr\u00fcnleri San.<br>ve Tic. A.\u015e. Ki\u015fisel Verilerin \u0130\u015flenmesi Ayd\u0131nlatma Politikas\u0131ndan ula\u015fabilirsiniz.<br>c) \u0130\u015flenen Ki\u015fisel Verilerin Kimlere ve Hangi Ama\u00e7la Aktar\u0131labilece\u011fi<br>Toplanan ki\u015fisel verileriniz; bize iletti\u011finiz mesajlar\u0131n de\u011ferlendirilmesi, bilgi taleplerinizin<br>kar\u015f\u0131lanmas\u0131, \u015fikayetinizin olu\u015fturulmas\u0131, i\u015flenmesi ve sonu\u00e7land\u0131r\u0131lmas\u0131, sat\u0131\u015f sonras\u0131 hizmetlerin<br>sa\u011flanmas\u0131, ki\u015fisel verilerinizi bizlere a\u00e7\u0131klaman\u0131za konu olan; \u00fcr\u00fcn ve hizmetlerimize ili\u015fkin bilgi<br>taleplerinizin kar\u015f\u0131lanmas\u0131, ilgilendi\u011finiz \u00fcr\u00fcn ve hizmetlerimize ili\u015fkin bildirimlerin ve g\u00fcncellemelerin<br>taraf\u0131n\u0131za iletilmesi, talebinize istinaden \u00fcr\u00fcn ve hizmetlerimize ili\u015fkin bilgilerin taraf\u0131n\u0131zca sa\u011flanan<br>ileti\u015fim adreslerine g\u00f6nderilmesi ama\u00e7lar\u0131yla ve ayr\u0131ca \u015eirketimiz taraf\u0131ndan sunulan \u00fcr\u00fcn ve<br>hizmetlerden sizleri faydaland\u0131rmak i\u00e7in gerekli \u00e7al\u0131\u015fmalar\u0131n i\u015f birimlerimiz taraf\u0131ndan yap\u0131lmas\u0131;<br>\u015eirketimiz taraf\u0131ndan sunulan \u00fcr\u00fcn ve hizmetlerin sizlerin be\u011feni, kullan\u0131m al\u0131\u015fkanl\u0131klar\u0131 ve<br>ihtiya\u00e7lar\u0131na g\u00f6re \u00f6zelle\u015ftirilerek sizlere \u00f6nerilmesi; \u015eirketimizin ve \u015eirketimizle i\u015f ili\u015fkisi i\u00e7erisinde<br>olan ki\u015filerin hukuki ve ticari g\u00fcvenli\u011finin temini; \u015eirketimizin ticari ve i\u015f stratejilerinin belirlenmesi ve<br>uygulanmas\u0131 ama\u00e7lar\u0131yla; bayilerimize, i\u015f ortaklar\u0131m\u0131za, tedarik\u00e7ilerimize, hissedarlar\u0131m\u0131za,<br>i\u015ftiraklerimize, kanunen yetkili kamu kurumlar\u0131 ve \u00f6zel ki\u015filere, 6698 say\u0131l\u0131 Kanun&#8217;un 8. ve 9.<br>maddelerinde belirtilen ki\u015fisel veri i\u015fleme \u015fartlar\u0131 ve ama\u00e7lar\u0131 \u00e7er\u00e7evesinde http:\/\/www.noki.com.tr<br>internet adresinden kamuoyu ile payla\u015f\u0131lm\u0131\u015f olan Derya Ofis \u00dcr\u00fcnleri San. Ve Tic. A.\u015e. Ki\u015fisel Verilerin<br>\u0130\u015flenmesi Ayd\u0131nlatma Politikas\u0131nda belirtilen ama\u00e7larla s\u0131n\u0131rl\u0131 olarak aktar\u0131labilecektir.<br>\u00e7) Ki\u015fisel Veri Toplaman\u0131n Y\u00f6ntemi ve Hukuki Sebebi<br>Ki\u015fisel verileriniz \u015eirketimiz taraf\u0131ndan farkl\u0131 kanallarla ve farkl\u0131 hukuki sebeplere dayanarak;<br>sundu\u011fumuz \u00fcr\u00fcn ile hizmetleri geli\u015ftirmek ve ticari faaliyetlerimizi y\u00fcr\u00fctmek amac\u0131yla<br>toplanmaktad\u0131r. Bu s\u00fcre\u00e7te toplanan ki\u015fisel verileriniz; internet ortam\u0131nda internet sitelerimiz ve<br>sosyal medya kanallar\u0131 ile mobil ortamda uygulamalar\u0131m\u0131z kanallar\u0131yla ya da bayilerimiz ve \u00e7a\u011fr\u0131<br>merkezimiz arac\u0131l\u0131\u011f\u0131yla, mesajlar\u0131n\u0131z\u0131n de\u011ferlendirilmesi, bilgi taleplerinizin kar\u015f\u0131lanmas\u0131, \u015fik\u00e2yetinizin<br>olu\u015fturulmas\u0131, i\u015flenmesi ve sonu\u00e7land\u0131r\u0131lmas\u0131 ve bu \u00e7er\u00e7evede sat\u0131\u015f sonras\u0131na ili\u015fkin hizmetlerin<br>y\u00fcr\u00fct\u00fclmesine y\u00f6nelik y\u00fck\u00fcml\u00fcl\u00fcklerimizi yerine getirmek, \u00fcr\u00fcn ve hizmetlerimize ili\u015fkin bilgi<br>taleplerinizin kar\u015f\u0131lanmas\u0131, ilgilendi\u011finiz \u00fcr\u00fcn ve hizmetlerimize ili\u015fkin bildirimlerin ve g\u00fcncellemelerin<br>taraf\u0131n\u0131za iletilmesi, talebinize istinaden \u00fcr\u00fcn ve hizmetlerimize ili\u015fkin bilgilerin taraf\u0131n\u0131zca sa\u011flanan<br>ileti\u015fim adreslerine g\u00f6nderilmesi ama\u00e7lar\u0131yla ve bu \u00e7er\u00e7evede s\u00f6zle\u015fmelerin kurulmas\u0131 ve ifas\u0131na<br>y\u00f6nelik y\u00fck\u00fcml\u00fcl\u00fcklerimizi yerine getirmek ve ticari faaliyetlerimizi y\u00fcr\u00fctmek hukuki sebebiyle, sosyal<br>medya mesajlar\u0131 ve internet sitelerimiz ve mobil uygulamalar\u0131m\u0131zdaki bilgi ve ileti\u015fim formlar\u0131<br>arac\u0131l\u0131\u011f\u0131yla, \u00e7a\u011fr\u0131 merkezimiz arac\u0131l\u0131\u011f\u0131yla ya da bayiler vas\u0131tas\u0131yla fiziki ortamda toplanmaktad\u0131r. Bu<br>hukuki sebeple toplanan ki\u015fisel verileriniz 6698 say\u0131l\u0131 Kanun&#8217;un 5. ve 6. maddelerinde belirtilen ki\u015fisel<br>veri i\u015fleme \u015fartlar\u0131 ve ama\u00e7lar\u0131 kapsam\u0131nda bu Ayd\u0131nlatma Metni&#8217;nin (b) ve (c) maddelerinde<br>belirtilen ama\u00e7larla da i\u015flenebilmekte ve aktar\u0131labilmektedir.<br>d) Ki\u015fisel Veri Sahibinin 6698 say\u0131l\u0131 Kanun&#8217;un 11. maddesinde Say\u0131lan Haklar\u0131<br>Ki\u015fisel veri sahipleri olarak, haklar\u0131n\u0131za ili\u015fkin taleplerinizi http:\/\/www.noki.com.tr internet<br>adresinden kamuoyu ile payla\u015f\u0131lm\u0131\u015f olan Derya Ofis \u00dcr\u00fcnleri San. Ve Tic. A.\u015e. Ki\u015fisel Verilerin<br>\u0130\u015flenmesi Ayd\u0131nlatma Politikas\u0131nda d\u00fczenlenen y\u00f6ntemlerle Derya Ofis\u2019e iletmeniz durumunda Derya<br>Ofis talebin niteli\u011fine g\u00f6re, talebi en k\u0131sa s\u00fcrede ve en ge\u00e7 otuz g\u00fcn i\u00e7inde sonu\u00e7land\u0131racakt\u0131r. \u0130\u015flemin<br>ayr\u0131ca bir maliyeti gerektirmesi h\u00e2linde, Derya Ofis taraf\u0131ndan Ki\u015fisel Verileri Koruma Kurulunca<br>belirlenen tarifedeki \u00fccret al\u0131nacakt\u0131r. Bu kapsamda ki\u015fisel veri sahipleri;<\/p>\n\n\n\n<ul class=\"wp-block-list\"><li>Ki\u015fisel veri i\u015flenip i\u015flenmedi\u011fini \u00f6\u011frenme,<\/li><li>Ki\u015fisel verileri i\u015flenmi\u015fse buna ili\u015fkin bilgi talep etme,<\/li><li>Ki\u015fisel verilerin i\u015flenme amac\u0131n\u0131 ve bunlar\u0131n amac\u0131na uygun kullan\u0131l\u0131p kullan\u0131lmad\u0131\u011f\u0131n\u0131 \u00f6\u011frenme,<\/li><li>Yurt i\u00e7inde veya yurt d\u0131\u015f\u0131nda ki\u015fisel verilerin aktar\u0131ld\u0131\u011f\u0131 \u00fc\u00e7\u00fcnc\u00fc ki\u015fileri bilme,<\/li><li>Ki\u015fisel verilerin eksik veya yanl\u0131\u015f i\u015flenmi\u015f olmas\u0131 h\u00e2linde bunlar\u0131n d\u00fczeltilmesini isteme ve bu<br>kapsamda yap\u0131lan i\u015flemin ki\u015fisel verilerin aktar\u0131ld\u0131\u011f\u0131 \u00fc\u00e7\u00fcnc\u00fc ki\u015filere bildirilmesini isteme,<\/li><li>6698 say\u0131l\u0131 Kanun ve ilgili di\u011fer kanun h\u00fck\u00fcmlerine uygun olarak i\u015flenmi\u015f olmas\u0131na ra\u011fmen,<br>i\u015flenmesini gerektiren sebeplerin ortadan kalkmas\u0131 h\u00e2linde ki\u015fisel verilerin silinmesini veya yok<br>edilmesini isteme ve bu kapsamda yap\u0131lan i\u015flemin ki\u015fisel verilerin aktar\u0131ld\u0131\u011f\u0131 \u00fc\u00e7\u00fcnc\u00fc ki\u015filere<br>bildirilmesini isteme,<\/li><li>\u0130\u015flenen verilerin m\u00fcnhas\u0131ran otomatik sistemler vas\u0131tas\u0131yla analiz edilmesi suretiyle ki\u015finin kendisi<br>aleyhine bir sonucun ortaya \u00e7\u0131kmas\u0131na itiraz etme,<\/li><li>Ki\u015fisel verilerin kanuna ayk\u0131r\u0131 olarak i\u015flenmesi sebebiyle zarara u\u011framas\u0131 h\u00e2linde zarar\u0131n<br>giderilmesini talep etme haklar\u0131na sahiptir.<\/li><\/ul>\n","protected":false},"excerpt":{"rendered":"<p>DERYA OF\u0130S \u00dcR\u00dcNLER\u0130 SAN. VE T\u0130C. A.\u015e. K\u0130\u015e\u0130SEL VER\u0130LER\u0130N \u0130\u015eLENMES\u0130 AYDINLATMA METN\u0130<\/p>\n","protected":false},"author":1,"featured_media":0,"parent":38,"menu_order":4,"comment_status":"closed","ping_status":"closed","template":"","meta":{"_acf_changed":false,"footnotes":""},"class_list":["post-46","page","type-page","status-publish","hentry"],"acf":[],"_links":{"self":[{"href":"https:\/\/noki.com.tr\/index.php\/wp-json\/wp\/v2\/pages\/46","targetHints":{"allow":["GET"]}}],"collection":[{"href":"https:\/\/noki.com.tr\/index.php\/wp-json\/wp\/v2\/pages"}],"about":[{"href":"https:\/\/noki.com.tr\/index.php\/wp-json\/wp\/v2\/types\/page"}],"author":[{"embeddable":true,"href":"https:\/\/noki.com.tr\/index.php\/wp-json\/wp\/v2\/users\/1"}],"replies":[{"embeddable":true,"href":"https:\/\/noki.com.tr\/index.php\/wp-json\/wp\/v2\/comments?post=46"}],"version-history":[{"count":3,"href":"https:\/\/noki.com.tr\/index.php\/wp-json\/wp\/v2\/pages\/46\/revisions"}],"predecessor-version":[{"id":7458,"href":"https:\/\/noki.com.tr\/index.php\/wp-json\/wp\/v2\/pages\/46\/revisions\/7458"}],"up":[{"embeddable":true,"href":"https:\/\/noki.com.tr\/index.php\/wp-json\/wp\/v2\/pages\/38"}],"wp:attachment":[{"href":"https:\/\/noki.com.tr\/index.php\/wp-json\/wp\/v2\/media?parent=46"}],"curies":[{"name":"wp","href":"https:\/\/api.w.org\/{rel}","templated":true}]}}