{"id":7670,"date":"2022-03-27T18:53:39","date_gmt":"2022-03-27T15:53:39","guid":{"rendered":"https:\/\/noki.com.tr\/?page_id=7670"},"modified":"2022-04-05T16:02:05","modified_gmt":"2022-04-05T13:02:05","slug":"address","status":"publish","type":"page","link":"https:\/\/noki.com.tr\/index.php\/en\/get-in-touch\/address\/","title":{"rendered":"Address"},"content":{"rendered":"\n<figure class=\"wp-block-image size-large\"><img loading=\"lazy\" decoding=\"async\" width=\"1440\" height=\"423\" src=\"https:\/\/noki.com.tr\/wp-content\/uploads\/2022\/03\/Untitled-10-50-1440x423.jpg\" alt=\"\" class=\"wp-image-7659\" srcset=\"https:\/\/noki.com.tr\/wp-content\/uploads\/2022\/03\/Untitled-10-50-1440x423.jpg 1440w, https:\/\/noki.com.tr\/wp-content\/uploads\/2022\/03\/Untitled-10-50-720x211.jpg 720w, https:\/\/noki.com.tr\/wp-content\/uploads\/2022\/03\/Untitled-10-50-768x225.jpg 768w, https:\/\/noki.com.tr\/wp-content\/uploads\/2022\/03\/Untitled-10-50-1536x451.jpg 1536w, https:\/\/noki.com.tr\/wp-content\/uploads\/2022\/03\/Untitled-10-50-2048x601.jpg 2048w\" sizes=\"auto, (max-width: 1440px) 100vw, 1440px\" \/><\/figure>\n\n\n\n<h3 class=\"wp-block-heading\">Address<\/h3>\n\n\n\n<p>\u0130sto\u00e7 Ticaret Merkezi 26. Ada No: 170 G\u00fcney Plaza Kat 6 34218, Ba\u011fc\u0131lar, \u0130stanbul Turkiye<\/p>\n\n\n\n<p><\/p>\n\n\n\n<iframe src=\"https:\/\/www.google.com\/maps\/embed?pb=!1m18!1m12!1m3!1d6016.1650089815885!2d28.824378376047747!3d41.06718916717916!2m3!1f0!2f0!3f0!3m2!1i1024!2i768!4f13.1!3m3!1m2!1s0x14caa57bf4542231%3A0xeeaea693d91750d0!2sDerya%20Ofis%20%C3%9Cr%C3%BCnleri%20San.Tic.A.%C5%9E.!5e0!3m2!1str!2str!4v1648394019223!5m2!1str!2str\" width=\"100%\" height=\"450\" style=\"border:0;\" allowfullscreen=\"\" loading=\"lazy\" referrerpolicy=\"no-referrer-when-downgrade\"><\/iframe>\n\n\n\n<p>&#8212;<\/p>\n\n\n\n<h2 class=\"wp-block-heading\">FACTORY &#8211; WAREHOUSE<\/h2>\n\n\n\n<h3 class=\"wp-block-heading\">Address<\/h3>\n\n\n\n<p>G\u00fcvercintepe Mevkii, Merkez Mah. 2107 Sok. No: 17\/3 Selimpa\u015fa Silivri, 34590 \u0130stanbul, Turkiye<\/p>\n\n\n\n<p><\/p>\n\n\n\n<iframe src=\"https:\/\/www.google.com\/maps\/embed?pb=!1m14!1m8!1m3!1d6017.558069434339!2d28.389941!3d41.051961!3m2!1i1024!2i768!4f13.1!3m3!1m2!1s0x0%3A0x14ce3995f3f0ac92!2sDerya%20Ofis%20%C3%9Cr%C3%BCnleri%20San.ve%20Tic.A.%C5%9E.!5e0!3m2!1str!2str!4v1649163541559!5m2!1str!2str\" width=\"100%\" height=\"450\" style=\"border:0;\" allowfullscreen=\"\" loading=\"lazy\" referrerpolicy=\"no-referrer-when-downgrade\"><\/iframe>\n","protected":false},"excerpt":{"rendered":"<p>Noki Address<\/p>\n","protected":false},"author":1,"featured_media":0,"parent":7658,"menu_order":3,"comment_status":"closed","ping_status":"closed","template":"","meta":{"_acf_changed":false,"footnotes":""},"class_list":["post-7670","page","type-page","status-publish","hentry"],"acf":[],"_links":{"self":[{"href":"https:\/\/noki.com.tr\/index.php\/wp-json\/wp\/v2\/pages\/7670","targetHints":{"allow":["GET"]}}],"collection":[{"href":"https:\/\/noki.com.tr\/index.php\/wp-json\/wp\/v2\/pages"}],"about":[{"href":"https:\/\/noki.com.tr\/index.php\/wp-json\/wp\/v2\/types\/page"}],"author":[{"embeddable":true,"href":"https:\/\/noki.com.tr\/index.php\/wp-json\/wp\/v2\/users\/1"}],"replies":[{"embeddable":true,"href":"https:\/\/noki.com.tr\/index.php\/wp-json\/wp\/v2\/comments?post=7670"}],"version-history":[{"count":4,"href":"https:\/\/noki.com.tr\/index.php\/wp-json\/wp\/v2\/pages\/7670\/revisions"}],"predecessor-version":[{"id":7694,"href":"https:\/\/noki.com.tr\/index.php\/wp-json\/wp\/v2\/pages\/7670\/revisions\/7694"}],"up":[{"embeddable":true,"href":"https:\/\/noki.com.tr\/index.php\/wp-json\/wp\/v2\/pages\/7658"}],"wp:attachment":[{"href":"https:\/\/noki.com.tr\/index.php\/wp-json\/wp\/v2\/media?parent=7670"}],"curies":[{"name":"wp","href":"https:\/\/api.w.org\/{rel}","templated":true}]}}