{"id":7677,"date":"2022-03-28T01:22:44","date_gmt":"2022-03-27T22:22:44","guid":{"rendered":"https:\/\/noki.com.tr\/?page_id=7677"},"modified":"2022-03-28T01:23:13","modified_gmt":"2022-03-27T22:23:13","slug":"privacy-statement-and-terms-of-use","status":"publish","type":"page","link":"https:\/\/noki.com.tr\/index.php\/en\/get-in-touch\/privacy-statement-and-terms-of-use\/","title":{"rendered":"Privacy Statement and Terms of Use"},"content":{"rendered":"\n<p>a) Data Controller and Representative<br>In accordance with the Law No. 6698 on the Protection of Personal Data (\u201cLaw No. 6698\u201d), your personal data; data<br>Derya Ofis \u00dcr\u00fcnleri Sanayi ve Ticaret Anonim \u015eirketi (\u201cCompany\u201d or \u201cDerya Ofis\u201d) as responsible<br>may be processed within the scope described below.<br>b) For What Purpose Personal Data Will Be Processed<br>Your collected personal data is the subject of your disclosure of your personal data to us; of your messages<br>evaluation, meeting your information requests, creating and processing your complaint and<br>conclusion, providing after-sales services, information about our products and services<br>meeting your requests, notifications and updates regarding our products and services that you are interested in.<br>to be forwarded to you, the information about our products and services provided by you based on your request.<br>for the purposes of sending them to the contact addresses, as well as the products and services offered by our Company.<br>to carry out the necessary work by our business units in order to benefit you from the services;<br>The products and services offered by our company are your tastes, usage habits and<br>recommending it to you by customizing it according to your needs; In a business relationship with our company and our company<br>ensuring the legal and commercial security of persons with Determining the commercial and business strategies of our company and<br>Personal data processing specified in Articles 5 and 6 of Law No. 6698 for the purposes of implementation<br>will be processed in accordance with its terms and purposes.<br>Detailed information on the purposes of processing your personal data by our Company;<br>Derya Ofis \u00dcr\u00fcnleri San.<br>ve Tic. Inc. You can access the Processing of Personal Data from the Disclosure Policy.<br>c) To Whom and For What Purpose the Processed Personal Data Can Be Transferred<br>Your collected personal data; Evaluation of the messages you send to us, information requests<br>meeting, creating, processing and finalizing your complaint, after-sales services<br>is subject to your disclosure of your personal data to us; information about our products and services<br>meeting your requests, notifications and updates regarding our products and services that you are interested in.<br>to be forwarded to you, the information about our products and services provided by you based on your request.<br>for the purposes of sending them to the contact addresses, as well as the products and services offered by our Company.<br>to carry out the necessary work by our business units in order to benefit you from the services;<br>The products and services offered by our company are your tastes, usage habits and<br>recommending it to you by customizing it according to your needs; In a business relationship with our company and our company<br>ensuring the legal and commercial security of persons with Determining the commercial and business strategies of our company and<br>for the purposes of implementation; to our dealers, business partners, suppliers, shareholders,<br>to our affiliates, legally authorized public institutions and private individuals, 8th and 9th of Law No. 6698.<br>http:\/\/www.noki.com.tr within the framework of the personal data processing conditions and purposes specified in the articles<br>Derya Ofis \u00dcr\u00fcnleri San. and Tic. Inc. Your Personal Data<br>Its processing can be transferred limited to the purposes specified in the Disclosure Policy.<br>\u00e7) Method and Legal Reason for Personal Data Collection<br>Your personal data is provided by our Company through different channels and based on different legal reasons;<br>in order to develop the products and services we offer and to carry out our commercial activities.<br>is being collected. Your personal data collected in this process; our websites and<br>social media channels, our applications in the mobile environment or our dealers and call<br>evaluation of your messages, meeting your information requests,<br>creation, processing and finalization of after-sales services<br>To fulfill our obligations regarding the execution of our products and services,<br>meeting your requests, notifications and updates regarding our products and services that you are interested in.<br>to be forwarded to you, the information about our products and services provided by you based on your request.<br>for the purposes of sending them to the contact addresses and within this framework, the establishment and performance of contracts.<br>To fulfill our obligations towards the law and to carry out our commercial activities,<br>media messages and information and contact forms on our websites and mobile applications<br>It is collected in physical environment through our call center or dealers. This<br>Your personal data collected for legal reasons<br>Within the scope of data processing conditions and purposes, in articles (b) and (c) of this Clarification Text<br>It can also be processed and transferred for the stated purposes.<br>d) Number 6698 of Personal Data Owner<\/p>\n","protected":false},"excerpt":{"rendered":"<p>DERYA OF\u0130S \u00dcR\u00dcNLER\u0130 SAN. VE T\u0130C. A.\u015e.<\/p>\n","protected":false},"author":1,"featured_media":0,"parent":7658,"menu_order":5,"comment_status":"closed","ping_status":"closed","template":"","meta":{"_acf_changed":false,"footnotes":""},"class_list":["post-7677","page","type-page","status-publish","hentry"],"acf":[],"_links":{"self":[{"href":"https:\/\/noki.com.tr\/index.php\/wp-json\/wp\/v2\/pages\/7677","targetHints":{"allow":["GET"]}}],"collection":[{"href":"https:\/\/noki.com.tr\/index.php\/wp-json\/wp\/v2\/pages"}],"about":[{"href":"https:\/\/noki.com.tr\/index.php\/wp-json\/wp\/v2\/types\/page"}],"author":[{"embeddable":true,"href":"https:\/\/noki.com.tr\/index.php\/wp-json\/wp\/v2\/users\/1"}],"replies":[{"embeddable":true,"href":"https:\/\/noki.com.tr\/index.php\/wp-json\/wp\/v2\/comments?post=7677"}],"version-history":[{"count":3,"href":"https:\/\/noki.com.tr\/index.php\/wp-json\/wp\/v2\/pages\/7677\/revisions"}],"predecessor-version":[{"id":7680,"href":"https:\/\/noki.com.tr\/index.php\/wp-json\/wp\/v2\/pages\/7677\/revisions\/7680"}],"up":[{"embeddable":true,"href":"https:\/\/noki.com.tr\/index.php\/wp-json\/wp\/v2\/pages\/7658"}],"wp:attachment":[{"href":"https:\/\/noki.com.tr\/index.php\/wp-json\/wp\/v2\/media?parent=7677"}],"curies":[{"name":"wp","href":"https:\/\/api.w.org\/{rel}","templated":true}]}}